{"id":6201,"date":"2022-12-12T23:00:58","date_gmt":"2022-12-12T23:00:58","guid":{"rendered":"http:\/\/agmtaxmultiservices.com\/?page_id=6201"},"modified":"2023-06-15T21:43:56","modified_gmt":"2023-06-15T21:43:56","slug":"auditorias-del-irs","status":"publish","type":"page","link":"http:\/\/agmtaxmultiservices.com\/pt\/auditorias-del-irs\/","title":{"rendered":"Auditorias do IRS"},"content":{"rendered":"<div data-elementor-type=\"wp-post\" data-elementor-id=\"6201\" class=\"elementor elementor-6201\">\n\t\t\t\t\t\t<section class=\"elementor-section elementor-top-section elementor-element elementor-element-74016e1 elementor-section-boxed elementor-section-height-default elementor-section-height-default\" data-id=\"74016e1\" data-element_type=\"section\">\n\t\t\t\t\t\t<div class=\"elementor-container elementor-column-gap-default\">\n\t\t\t\t\t<div class=\"elementor-column elementor-col-100 elementor-top-column elementor-element elementor-element-75c450e\" data-id=\"75c450e\" data-element_type=\"column\">\n\t\t\t<div class=\"elementor-widget-wrap\">\n\t\t\t\t\t\t\t<\/div>\n\t\t<\/div>\n\t\t\t\t\t<\/div>\n\t\t<\/section>\n\t\t\t\t<section class=\"elementor-section elementor-top-section elementor-element elementor-element-52f800e3 elementor-section-full_width elementor-section-height-default elementor-section-height-default\" data-id=\"52f800e3\" data-element_type=\"section\" data-settings=\"{&quot;background_background&quot;:&quot;classic&quot;}\">\n\t\t\t\t\t\t<div class=\"elementor-container elementor-column-gap-default\">\n\t\t\t\t\t<div class=\"elementor-column elementor-col-100 elementor-top-column elementor-element elementor-element-466b03d6\" data-id=\"466b03d6\" data-element_type=\"column\">\n\t\t\t<div class=\"elementor-widget-wrap elementor-element-populated\">\n\t\t\t\t\t\t<div class=\"elementor-element elementor-element-fa525d3 elementor-widget elementor-widget-heading\" data-id=\"fa525d3\" data-element_type=\"widget\" data-widget_type=\"heading.default\">\n\t\t\t\t<div class=\"elementor-widget-container\">\n\t\t\t\t\t<h2 class=\"elementor-heading-title elementor-size-default\">Economize tempo para <\/h2>\t\t\t\t<\/div>\n\t\t\t\t<\/div>\n\t\t\t\t\t<\/div>\n\t\t<\/div>\n\t\t\t\t\t<\/div>\n\t\t<\/section>\n\t\t\t\t<section class=\"elementor-section elementor-top-section elementor-element elementor-element-1eabb20e elementor-section-full_width elementor-section-height-default elementor-section-height-default\" data-id=\"1eabb20e\" data-element_type=\"section\" data-settings=\"{&quot;background_background&quot;:&quot;classic&quot;}\">\n\t\t\t\t\t\t<div class=\"elementor-container elementor-column-gap-default\">\n\t\t\t\t\t<div class=\"elementor-column elementor-col-100 elementor-top-column elementor-element elementor-element-3c546257\" data-id=\"3c546257\" data-element_type=\"column\">\n\t\t\t<div class=\"elementor-widget-wrap elementor-element-populated\">\n\t\t\t\t\t\t<section class=\"elementor-section elementor-inner-section elementor-element elementor-element-2bc13bc4 elementor-reverse-mobile elementor-section-boxed elementor-section-height-default elementor-section-height-default\" data-id=\"2bc13bc4\" data-element_type=\"section\">\n\t\t\t\t\t\t<div class=\"elementor-container elementor-column-gap-default\">\n\t\t\t\t\t<div class=\"elementor-column elementor-col-33 elementor-inner-column elementor-element elementor-element-7bee8315\" data-id=\"7bee8315\" data-element_type=\"column\">\n\t\t\t<div class=\"elementor-widget-wrap elementor-element-populated\">\n\t\t\t\t\t\t<div class=\"elementor-element elementor-element-3aaf5799 elementor-align-left elementor-icon-list--layout-traditional elementor-list-item-link-full_width elementor-widget elementor-widget-icon-list\" data-id=\"3aaf5799\" data-element_type=\"widget\" data-widget_type=\"icon-list.default\">\n\t\t\t\t<div class=\"elementor-widget-container\">\n\t\t\t\t\t\t\t<ul class=\"elementor-icon-list-items\">\n\t\t\t\t\t\t\t<li class=\"elementor-icon-list-item\">\n\t\t\t\t\t\t\t\t\t\t\t<a href=\"http:\/\/agmtaxmultiservices.com\/pt\/declaracion-de-impuestos\/\">\n\n\t\t\t\t\t\t\t\t\t\t\t\t<span class=\"elementor-icon-list-icon\">\n\t\t\t\t\t\t\t<i aria-hidden=\"true\" class=\"far fa-folder-open\"><\/i>\t\t\t\t\t\t<\/span>\n\t\t\t\t\t\t\t\t\t\t<span class=\"elementor-icon-list-text\">Declara\u00e7\u00e3o de imposto<\/span>\n\t\t\t\t\t\t\t\t\t\t\t<\/a>\n\t\t\t\t\t\t\t\t\t<\/li>\n\t\t\t\t\t\t\t\t<li class=\"elementor-icon-list-item\">\n\t\t\t\t\t\t\t\t\t\t\t<a href=\"http:\/\/agmtaxmultiservices.com\/pt\/tramitamos-y-renovamos-tu-itin\/\">\n\n\t\t\t\t\t\t\t\t\t\t\t\t<span class=\"elementor-icon-list-icon\">\n\t\t\t\t\t\t\t<i aria-hidden=\"true\" class=\"far fa-folder-open\"><\/i>\t\t\t\t\t\t<\/span>\n\t\t\t\t\t\t\t\t\t\t<span class=\"elementor-icon-list-text\">Processamos e renovamos <\/span>\n\t\t\t\t\t\t\t\t\t\t\t<\/a>\n\t\t\t\t\t\t\t\t\t<\/li>\n\t\t\t\t\t\t\t\t<li class=\"elementor-icon-list-item\">\n\t\t\t\t\t\t\t\t\t\t\t<a href=\"http:\/\/agmtaxmultiservices.com\/pt\/auditorias-de-workers-comp\/\">\n\n\t\t\t\t\t\t\t\t\t\t\t\t<span class=\"elementor-icon-list-icon\">\n\t\t\t\t\t\t\t<i aria-hidden=\"true\" class=\"far fa-folder-open\"><\/i>\t\t\t\t\t\t<\/span>\n\t\t\t\t\t\t\t\t\t\t<span class=\"elementor-icon-list-text\">Auditorias de Compromisso do Trabalhador<\/span>\n\t\t\t\t\t\t\t\t\t\t\t<\/a>\n\t\t\t\t\t\t\t\t\t<\/li>\n\t\t\t\t\t\t\t\t<li class=\"elementor-icon-list-item\">\n\t\t\t\t\t\t\t\t\t\t\t<a href=\"http:\/\/agmtaxmultiservices.com\/pt\/llc-partnership-corporation\/\">\n\n\t\t\t\t\t\t\t\t\t\t\t\t<span class=\"elementor-icon-list-icon\">\n\t\t\t\t\t\t\t<i aria-hidden=\"true\" class=\"far fa-folder-open\"><\/i>\t\t\t\t\t\t<\/span>\n\t\t\t\t\t\t\t\t\t\t<span class=\"elementor-icon-list-text\">Cria\u00e7\u00e3o de empresas - LLC, parceria, corpora\u00e7\u00e3o.<\/span>\n\t\t\t\t\t\t\t\t\t\t\t<\/a>\n\t\t\t\t\t\t\t\t\t<\/li>\n\t\t\t\t\t\t<\/ul>\n\t\t\t\t\t\t<\/div>\n\t\t\t\t<\/div>\n\t\t\t\t<div class=\"elementor-element elementor-element-3d6e71c3 elementor-view-stacked elementor-position-left elementor-shape-circle elementor-mobile-position-top elementor-vertical-align-top elementor-widget elementor-widget-icon-box\" data-id=\"3d6e71c3\" data-element_type=\"widget\" data-widget_type=\"icon-box.default\">\n\t\t\t\t<div class=\"elementor-widget-container\">\n\t\t\t\t\t\t\t<div class=\"elementor-icon-box-wrapper\">\n\n\t\t\t\t\t\t<div class=\"elementor-icon-box-icon\">\n\t\t\t\t<span  class=\"elementor-icon\">\n\t\t\t\t<i aria-hidden=\"true\" class=\"far fa-file-pdf\"><\/i>\t\t\t\t<\/span>\n\t\t\t<\/div>\n\t\t\t\n\t\t\t\t\t\t<div class=\"elementor-icon-box-content\">\n\n\t\t\t\t\n\t\t\t\t\t\t\t\t\t<p class=\"elementor-icon-box-description\">\n\t\t\t\t\t\tBaixar .pdf\t\t\t\t\t<\/p>\n\t\t\t\t\n\t\t\t<\/div>\n\t\t\t\n\t\t<\/div>\n\t\t\t\t\t\t<\/div>\n\t\t\t\t<\/div>\n\t\t\t\t<div class=\"elementor-element elementor-element-16ca99a0 elementor-widget-divider--view-line elementor-widget elementor-widget-divider\" data-id=\"16ca99a0\" data-element_type=\"widget\" data-widget_type=\"divider.default\">\n\t\t\t\t<div class=\"elementor-widget-container\">\n\t\t\t\t\t\t\t<div class=\"elementor-divider\">\n\t\t\t<span class=\"elementor-divider-separator\">\n\t\t\t\t\t\t<\/span>\n\t\t<\/div>\n\t\t\t\t\t\t<\/div>\n\t\t\t\t<\/div>\n\t\t\t\t<div class=\"elementor-element elementor-element-f27f8f0 elementor-align-justify elementor-invisible elementor-widget elementor-widget-button\" data-id=\"f27f8f0\" data-element_type=\"widget\" data-settings=\"{&quot;_animation&quot;:&quot;fadeInUp&quot;}\" data-widget_type=\"button.default\">\n\t\t\t\t<div class=\"elementor-widget-container\">\n\t\t\t\t\t\t\t\t\t<div class=\"elementor-button-wrapper\">\n\t\t\t\t\t<a class=\"elementor-button elementor-button-link elementor-size-lg\" href=\"http:\/\/agmtaxmultiservices.com\/pt\/contact-us\/\">\n\t\t\t\t\t\t<span class=\"elementor-button-content-wrapper\">\n\t\t\t\t\t\t<span class=\"elementor-button-icon\">\n\t\t\t\t<i aria-hidden=\"true\" class=\"far fa-comment-dots\"><\/i>\t\t\t<\/span>\n\t\t\t\t\t\t\t\t\t<span class=\"elementor-button-text\">Fale conosco<\/span>\n\t\t\t\t\t<\/span>\n\t\t\t\t\t<\/a>\n\t\t\t\t<\/div>\n\t\t\t\t\t\t\t\t<\/div>\n\t\t\t\t<\/div>\n\t\t\t\t<div class=\"elementor-element elementor-element-6be465ba elementor-widget elementor-widget-spacer\" data-id=\"6be465ba\" data-element_type=\"widget\" data-widget_type=\"spacer.default\">\n\t\t\t\t<div class=\"elementor-widget-container\">\n\t\t\t\t\t\t\t<div class=\"elementor-spacer\">\n\t\t\t<div class=\"elementor-spacer-inner\"><\/div>\n\t\t<\/div>\n\t\t\t\t\t\t<\/div>\n\t\t\t\t<\/div>\n\t\t\t\t\t<\/div>\n\t\t<\/div>\n\t\t\t\t<div class=\"elementor-column elementor-col-66 elementor-inner-column elementor-element elementor-element-5de79427\" data-id=\"5de79427\" data-element_type=\"column\">\n\t\t\t<div class=\"elementor-widget-wrap elementor-element-populated\">\n\t\t\t\t\t\t<div class=\"elementor-element elementor-element-6c87cca7 elementor-arrows-position-inside elementor-pagination-position-outside elementor-widget elementor-widget-image-carousel\" data-id=\"6c87cca7\" data-element_type=\"widget\" data-settings=\"{&quot;slides_to_show&quot;:&quot;3&quot;,&quot;navigation&quot;:&quot;both&quot;,&quot;autoplay&quot;:&quot;yes&quot;,&quot;pause_on_hover&quot;:&quot;yes&quot;,&quot;pause_on_interaction&quot;:&quot;yes&quot;,&quot;autoplay_speed&quot;:5000,&quot;infinite&quot;:&quot;yes&quot;,&quot;speed&quot;:500}\" data-widget_type=\"image-carousel.default\">\n\t\t\t\t<div class=\"elementor-widget-container\">\n\t\t\t\t\t\t\t<div class=\"elementor-image-carousel-wrapper swiper\" role=\"region\" aria-roledescription=\"carousel\" aria-label=\"Carrossel de imagens\" dir=\"ltr\">\n\t\t\t<div class=\"elementor-image-carousel swiper-wrapper\" aria-live=\"off\">\n\t\t\t\t\t\t\t\t<div class=\"swiper-slide\" role=\"group\" aria-roledescription=\"slide\" aria-label=\"1 de 4\"><figure class=\"swiper-slide-inner\"><img decoding=\"async\" class=\"swiper-slide-image\" src=\"http:\/\/agmtaxmultiservices.com\/wp-content\/uploads\/elementor\/thumbs\/time-to-file-taxes-income-tax-forms-irs-deadline-2022-11-14-04-25-21-utc-scaled-r1p9x08j3rbjj9mdpsn9fw2xsmyinmbgq70swgepr4.jpg\" alt=\"time-to-file-taxes-income-tax-forms-irs-deadline-2022-11-14-04-25-21-utc\" \/><\/figure><\/div><div class=\"swiper-slide\" role=\"group\" aria-roledescription=\"slide\" aria-label=\"2 de 4\"><figure class=\"swiper-slide-inner\"><img decoding=\"async\" class=\"swiper-slide-image\" src=\"http:\/\/agmtaxmultiservices.com\/wp-content\/uploads\/elementor\/thumbs\/income-tax-with-instruction-tax-payment-and-filin-2022-12-20-16-37-16-utc-scaled-r1p9x08j3rbjj9mdpsn9fw2xsmyinmbgq70swgepr4.jpg\" alt=\"Income tax with instruction. Tax payment and filing concept. 2022 tax return form 1120 with calculator. The concept of filing a tax return\" \/><\/figure><\/div><div class=\"swiper-slide\" role=\"group\" aria-roledescription=\"slide\" aria-label=\"3 de 4\"><figure class=\"swiper-slide-inner\"><img decoding=\"async\" class=\"swiper-slide-image\" src=\"http:\/\/agmtaxmultiservices.com\/wp-content\/uploads\/elementor\/thumbs\/u-s-individual-income-tax-return-1040-2021-09-01-05-18-49-utc-1-scaled-r1p9x08j3rbjj9mdpsn9fw2xsmyinmbgq70swgepr4.jpg\" alt=\"Closeup of U.S. Individual Income Tax Return 1040\" \/><\/figure><\/div><div class=\"swiper-slide\" role=\"group\" aria-roledescription=\"slide\" aria-label=\"4 de 4\"><figure class=\"swiper-slide-inner\"><img decoding=\"async\" class=\"swiper-slide-image\" src=\"http:\/\/agmtaxmultiservices.com\/wp-content\/uploads\/elementor\/thumbs\/tax-form-on-clipboard-2022-12-16-11-17-40-utc-scaled-r1p9x08j3rbjj9mdpsn9fw2xsmyinmbgq70swgepr4.jpg\" alt=\"1040A form on clipboard and USA flag at background\" \/><\/figure><\/div>\t\t\t<\/div>\n\t\t\t\t\t\t\t\t\t\t\t\t<div class=\"elementor-swiper-button elementor-swiper-button-prev\" role=\"button\" tabindex=\"0\">\n\t\t\t\t\t\t<i aria-hidden=\"true\" class=\"eicon-chevron-left\"><\/i>\t\t\t\t\t<\/div>\n\t\t\t\t\t<div class=\"elementor-swiper-button elementor-swiper-button-next\" role=\"button\" tabindex=\"0\">\n\t\t\t\t\t\t<i aria-hidden=\"true\" class=\"eicon-chevron-right\"><\/i>\t\t\t\t\t<\/div>\n\t\t\t\t\n\t\t\t\t\t\t\t\t\t<div class=\"swiper-pagination\"><\/div>\n\t\t\t\t\t\t\t\t\t<\/div>\n\t\t\t\t\t\t<\/div>\n\t\t\t\t<\/div>\n\t\t\t\t<div class=\"elementor-element elementor-element-5ed5e3d5 elementor-widget elementor-widget-heading\" data-id=\"5ed5e3d5\" data-element_type=\"widget\" data-widget_type=\"heading.default\">\n\t\t\t\t<div class=\"elementor-widget-container\">\n\t\t\t\t\t<h2 class=\"elementor-heading-title elementor-size-default\">Ajudamos voc\u00ea a responder \u00e0s auditorias do IRS<\/h2>\t\t\t\t<\/div>\n\t\t\t\t<\/div>\n\t\t\t\t<div class=\"elementor-element elementor-element-1b0484da elementor-widget-divider--view-line elementor-widget elementor-widget-divider\" data-id=\"1b0484da\" data-element_type=\"widget\" data-widget_type=\"divider.default\">\n\t\t\t\t<div class=\"elementor-widget-container\">\n\t\t\t\t\t\t\t<div class=\"elementor-divider\">\n\t\t\t<span class=\"elementor-divider-separator\">\n\t\t\t\t\t\t<\/span>\n\t\t<\/div>\n\t\t\t\t\t\t<\/div>\n\t\t\t\t<\/div>\n\t\t\t\t<div class=\"elementor-element elementor-element-6df09fb2 elementor-widget elementor-widget-text-editor\" data-id=\"6df09fb2\" data-element_type=\"widget\" data-widget_type=\"text-editor.default\">\n\t\t\t\t<div class=\"elementor-widget-container\">\n\t\t\t\t\t\t\t\t\t<p>Nosso servi\u00e7o de Assist\u00eancia \u00e0 Auditoria do IRS foi criado para oferecer suporte e orienta\u00e7\u00e3o \u00e0s empresas que enfrentar\u00e3o uma auditoria do Internal Revenue Service (IRS) em 2023. Entendemos a complexidade e o estresse que podem surgir durante esse processo, e nossa equipe de especialistas em conformidade fiscal e tribut\u00e1ria est\u00e1 aqui para ajud\u00e1-lo a lidar com as demandas da auditoria e proteger os interesses da sua empresa.<\/p><p>Nossos servi\u00e7os incluem:<\/p><ol><li><p><strong>Avalia\u00e7\u00e3o da notifica\u00e7\u00e3o de auditoria:<\/strong> Analisaremos cuidadosamente a notifica\u00e7\u00e3o de auditoria do IRS que voc\u00ea recebeu e revisaremos a documenta\u00e7\u00e3o e os registros fiscais relevantes. Avaliaremos o escopo e os detalhes da auditoria para entender as \u00e1reas de preocupa\u00e7\u00e3o e nos preparar adequadamente para o processo de auditoria.<\/p><\/li><li><p><strong>Prepara\u00e7\u00e3o de documenta\u00e7\u00e3o e respostas:<\/strong> Trabalharemos em estreita colabora\u00e7\u00e3o com voc\u00ea para coletar, organizar e preparar a documenta\u00e7\u00e3o exigida pelo IRS para responder \u00e0s solicita\u00e7\u00f5es de informa\u00e7\u00f5es e cumprir os prazos. Asseguraremos que a documenta\u00e7\u00e3o esteja completa, precisa e que respalde adequadamente a posi\u00e7\u00e3o fiscal de sua empresa.<\/p><\/li><li><p><strong>Representa\u00e7\u00e3o e comunica\u00e7\u00e3o com o IRS:<\/strong> Atuaremos como seu representante autorizado junto ao IRS e nos comunicaremos em seu nome durante o processo de auditoria. Manteremos uma comunica\u00e7\u00e3o clara e profissional com o auditor do IRS, respondendo \u00e0s suas perguntas e fornecendo explica\u00e7\u00f5es claras e fundamentadas sobre os problemas fiscais em quest\u00e3o.<\/p><\/li><li><p><strong>An\u00e1lise de risco e estrat\u00e9gias de defesa:<\/strong> Realizaremos uma an\u00e1lise detalhada dos riscos fiscais envolvidos na auditoria e desenvolveremos estrat\u00e9gias de defesa robustas. Trabalharemos em estreita colabora\u00e7\u00e3o com voc\u00ea para apresentar argumentos s\u00f3lidos apoiados na legisla\u00e7\u00e3o tribut\u00e1ria atual e nas interpreta\u00e7\u00f5es aplic\u00e1veis, com o objetivo de minimizar quaisquer ajustes fiscais injustificados.<\/p><\/li><li><p><strong>Resolu\u00e7\u00e3o de auditoria:<\/strong> N\u00f3s nos esfor\u00e7aremos para obter uma resolu\u00e7\u00e3o justa e favor\u00e1vel a seu favor durante o processo de auditoria. Negociaremos com o auditor do IRS para chegar a acordos mutuamente aceit\u00e1veis e apresentaremos as apela\u00e7\u00f5es ou recursos necess\u00e1rios caso surjam discrep\u00e2ncias.<\/p><\/li><\/ol>\t\t\t\t\t\t\t\t<\/div>\n\t\t\t\t<\/div>\n\t\t\t\t\t<\/div>\n\t\t<\/div>\n\t\t\t\t\t<\/div>\n\t\t<\/section>\n\t\t\t\t\t<\/div>\n\t\t<\/div>\n\t\t\t\t\t<\/div>\n\t\t<\/section>\n\t\t\t\t<\/div>","protected":false},"excerpt":{"rendered":"<p>Save time for Declaraci\u00f3n de impuestos Tramitamos y Renovamos Auditorias de Workers Comp Creaci\u00f3n de Compa\u00f1\u00edas- LLC-Partnership-Corporation. Download .pdf Habla con nosotros Anterior Siguiente Te ayudamos a contestar Auditorias del IRS Nuestro servicio de Asistencia en Auditor\u00edas del IRS est\u00e1 dise\u00f1ado para brindar apoyo y orientaci\u00f3n a las empresas que se enfrentan a una auditor\u00eda [&hellip;]<\/p>","protected":false},"author":1,"featured_media":0,"parent":0,"menu_order":0,"comment_status":"closed","ping_status":"closed","template":"","meta":{"site-sidebar-layout":"no-sidebar","site-content-layout":"page-builder","ast-site-content-layout":"","site-content-style":"default","site-sidebar-style":"default","ast-global-header-display":"","ast-banner-title-visibility":"","ast-main-header-display":"","ast-hfb-above-header-display":"","ast-hfb-below-header-display":"","ast-hfb-mobile-header-display":"","site-post-title":"disabled","ast-breadcrumbs-content":"","ast-featured-img":"disabled","footer-sml-layout":"","theme-transparent-header-meta":"enabled","adv-header-id-meta":"","stick-header-meta":"","header-above-stick-meta":null,"header-main-stick-meta":"","header-below-stick-meta":null,"astra-migrate-meta-layouts":"default","ast-page-background-enabled":"default","ast-page-background-meta":{"desktop":{"background-color":"","background-image":"","background-repeat":"repeat","background-position":"center center","background-size":"auto","background-attachment":"scroll","background-type":"","background-media":"","overlay-type":"","overlay-color":"","overlay-opacity":"","overlay-gradient":""},"tablet":{"background-color":"","background-image":"","background-repeat":"repeat","background-position":"center center","background-size":"auto","background-attachment":"scroll","background-type":"","background-media":"","overlay-type":"","overlay-color":"","overlay-opacity":"","overlay-gradient":""},"mobile":{"background-color":"","background-image":"","background-repeat":"repeat","background-position":"center center","background-size":"auto","background-attachment":"scroll","background-type":"","background-media":"","overlay-type":"","overlay-color":"","overlay-opacity":"","overlay-gradient":""}},"ast-content-background-meta":{"desktop":{"background-color":"var(--ast-global-color-5)","background-image":"","background-repeat":"repeat","background-position":"center center","background-size":"auto","background-attachment":"scroll","background-type":"","background-media":"","overlay-type":"","overlay-color":"","overlay-opacity":"","overlay-gradient":""},"tablet":{"background-color":"var(--ast-global-color-5)","background-image":"","background-repeat":"repeat","background-position":"center center","background-size":"auto","background-attachment":"scroll","background-type":"","background-media":"","overlay-type":"","overlay-color":"","overlay-opacity":"","overlay-gradient":""},"mobile":{"background-color":"var(--ast-global-color-5)","background-image":"","background-repeat":"repeat","background-position":"center center","background-size":"auto","background-attachment":"scroll","background-type":"","background-media":"","overlay-type":"","overlay-color":"","overlay-opacity":"","overlay-gradient":""}},"footnotes":""},"class_list":["post-6201","page","type-page","status-publish","hentry"],"_links":{"self":[{"href":"http:\/\/agmtaxmultiservices.com\/pt\/wp-json\/wp\/v2\/pages\/6201","targetHints":{"allow":["GET"]}}],"collection":[{"href":"http:\/\/agmtaxmultiservices.com\/pt\/wp-json\/wp\/v2\/pages"}],"about":[{"href":"http:\/\/agmtaxmultiservices.com\/pt\/wp-json\/wp\/v2\/types\/page"}],"author":[{"embeddable":true,"href":"http:\/\/agmtaxmultiservices.com\/pt\/wp-json\/wp\/v2\/users\/1"}],"replies":[{"embeddable":true,"href":"http:\/\/agmtaxmultiservices.com\/pt\/wp-json\/wp\/v2\/comments?post=6201"}],"version-history":[{"count":37,"href":"http:\/\/agmtaxmultiservices.com\/pt\/wp-json\/wp\/v2\/pages\/6201\/revisions"}],"predecessor-version":[{"id":8850,"href":"http:\/\/agmtaxmultiservices.com\/pt\/wp-json\/wp\/v2\/pages\/6201\/revisions\/8850"}],"wp:attachment":[{"href":"http:\/\/agmtaxmultiservices.com\/pt\/wp-json\/wp\/v2\/media?parent=6201"}],"curies":[{"name":"wp","href":"https:\/\/api.w.org\/{rel}","templated":true}]}}