{"id":6094,"date":"2022-12-12T21:57:20","date_gmt":"2022-12-12T21:57:20","guid":{"rendered":"http:\/\/agmtaxmultiservices.com\/?page_id=6094"},"modified":"2023-06-15T21:49:10","modified_gmt":"2023-06-15T21:49:10","slug":"llc-partnership-corporation","status":"publish","type":"page","link":"http:\/\/agmtaxmultiservices.com\/pt\/llc-partnership-corporation\/","title":{"rendered":"LLC-Partnership-Corporation"},"content":{"rendered":"<div data-elementor-type=\"wp-post\" data-elementor-id=\"6094\" class=\"elementor elementor-6094\">\n\t\t\t\t\t\t<section class=\"elementor-section elementor-top-section elementor-element elementor-element-74016e1 elementor-section-boxed elementor-section-height-default elementor-section-height-default\" data-id=\"74016e1\" data-element_type=\"section\">\n\t\t\t\t\t\t<div class=\"elementor-container elementor-column-gap-default\">\n\t\t\t\t\t<div class=\"elementor-column elementor-col-100 elementor-top-column elementor-element elementor-element-75c450e\" data-id=\"75c450e\" data-element_type=\"column\">\n\t\t\t<div class=\"elementor-widget-wrap\">\n\t\t\t\t\t\t\t<\/div>\n\t\t<\/div>\n\t\t\t\t\t<\/div>\n\t\t<\/section>\n\t\t\t\t<section class=\"elementor-section elementor-top-section elementor-element elementor-element-52f800e3 elementor-section-full_width elementor-section-height-default elementor-section-height-default\" data-id=\"52f800e3\" data-element_type=\"section\" data-settings=\"{&quot;background_background&quot;:&quot;classic&quot;}\">\n\t\t\t\t\t\t<div class=\"elementor-container elementor-column-gap-default\">\n\t\t\t\t\t<div class=\"elementor-column elementor-col-100 elementor-top-column elementor-element elementor-element-466b03d6\" data-id=\"466b03d6\" data-element_type=\"column\">\n\t\t\t<div class=\"elementor-widget-wrap elementor-element-populated\">\n\t\t\t\t\t\t<div class=\"elementor-element elementor-element-fa525d3 elementor-widget elementor-widget-heading\" data-id=\"fa525d3\" data-element_type=\"widget\" data-widget_type=\"heading.default\">\n\t\t\t\t<div class=\"elementor-widget-container\">\n\t\t\t\t\t<h2 class=\"elementor-heading-title elementor-size-default\">Economize tempo para <\/h2>\t\t\t\t<\/div>\n\t\t\t\t<\/div>\n\t\t\t\t\t<\/div>\n\t\t<\/div>\n\t\t\t\t\t<\/div>\n\t\t<\/section>\n\t\t\t\t<section class=\"elementor-section elementor-top-section elementor-element elementor-element-1eabb20e elementor-section-full_width elementor-section-height-default elementor-section-height-default\" data-id=\"1eabb20e\" data-element_type=\"section\" data-settings=\"{&quot;background_background&quot;:&quot;classic&quot;}\">\n\t\t\t\t\t\t<div class=\"elementor-container elementor-column-gap-default\">\n\t\t\t\t\t<div class=\"elementor-column elementor-col-100 elementor-top-column elementor-element elementor-element-3c546257\" data-id=\"3c546257\" data-element_type=\"column\">\n\t\t\t<div class=\"elementor-widget-wrap elementor-element-populated\">\n\t\t\t\t\t\t<section class=\"elementor-section elementor-inner-section elementor-element elementor-element-2bc13bc4 elementor-reverse-mobile elementor-section-boxed elementor-section-height-default elementor-section-height-default\" data-id=\"2bc13bc4\" data-element_type=\"section\">\n\t\t\t\t\t\t<div class=\"elementor-container elementor-column-gap-default\">\n\t\t\t\t\t<div class=\"elementor-column elementor-col-33 elementor-inner-column elementor-element elementor-element-7bee8315\" data-id=\"7bee8315\" data-element_type=\"column\">\n\t\t\t<div class=\"elementor-widget-wrap elementor-element-populated\">\n\t\t\t\t\t\t<div class=\"elementor-element elementor-element-3aaf5799 elementor-align-left elementor-icon-list--layout-traditional elementor-list-item-link-full_width elementor-widget elementor-widget-icon-list\" data-id=\"3aaf5799\" data-element_type=\"widget\" data-widget_type=\"icon-list.default\">\n\t\t\t\t<div class=\"elementor-widget-container\">\n\t\t\t\t\t\t\t<ul class=\"elementor-icon-list-items\">\n\t\t\t\t\t\t\t<li class=\"elementor-icon-list-item\">\n\t\t\t\t\t\t\t\t\t\t\t<a href=\"http:\/\/agmtaxmultiservices.com\/pt\/declaracion-de-impuestos\/\">\n\n\t\t\t\t\t\t\t\t\t\t\t\t<span class=\"elementor-icon-list-icon\">\n\t\t\t\t\t\t\t<i aria-hidden=\"true\" class=\"far fa-folder-open\"><\/i>\t\t\t\t\t\t<\/span>\n\t\t\t\t\t\t\t\t\t\t<span class=\"elementor-icon-list-text\">Declara\u00e7\u00e3o de imposto<\/span>\n\t\t\t\t\t\t\t\t\t\t\t<\/a>\n\t\t\t\t\t\t\t\t\t<\/li>\n\t\t\t\t\t\t\t\t<li class=\"elementor-icon-list-item\">\n\t\t\t\t\t\t\t\t\t\t\t<a href=\"http:\/\/agmtaxmultiservices.com\/pt\/tramitamos-y-renovamos-tu-itin\/\">\n\n\t\t\t\t\t\t\t\t\t\t\t\t<span class=\"elementor-icon-list-icon\">\n\t\t\t\t\t\t\t<i aria-hidden=\"true\" class=\"far fa-folder-open\"><\/i>\t\t\t\t\t\t<\/span>\n\t\t\t\t\t\t\t\t\t\t<span class=\"elementor-icon-list-text\">Processamos e renovamos <\/span>\n\t\t\t\t\t\t\t\t\t\t\t<\/a>\n\t\t\t\t\t\t\t\t\t<\/li>\n\t\t\t\t\t\t\t\t<li class=\"elementor-icon-list-item\">\n\t\t\t\t\t\t\t\t\t\t\t<a href=\"http:\/\/agmtaxmultiservices.com\/pt\/auditorias-de-workers-comp\/\">\n\n\t\t\t\t\t\t\t\t\t\t\t\t<span class=\"elementor-icon-list-icon\">\n\t\t\t\t\t\t\t<i aria-hidden=\"true\" class=\"far fa-folder-open\"><\/i>\t\t\t\t\t\t<\/span>\n\t\t\t\t\t\t\t\t\t\t<span class=\"elementor-icon-list-text\">Auditorias de Compromisso do Trabalhador<\/span>\n\t\t\t\t\t\t\t\t\t\t\t<\/a>\n\t\t\t\t\t\t\t\t\t<\/li>\n\t\t\t\t\t\t\t\t<li class=\"elementor-icon-list-item\">\n\t\t\t\t\t\t\t\t\t\t\t<a href=\"http:\/\/agmtaxmultiservices.com\/pt\/auditorias-del-irs\/\">\n\n\t\t\t\t\t\t\t\t\t\t\t\t<span class=\"elementor-icon-list-icon\">\n\t\t\t\t\t\t\t<i aria-hidden=\"true\" class=\"far fa-folder-open\"><\/i>\t\t\t\t\t\t<\/span>\n\t\t\t\t\t\t\t\t\t\t<span class=\"elementor-icon-list-text\">Ajudamos voc\u00ea a responder \u00e0s auditorias do IRS<\/span>\n\t\t\t\t\t\t\t\t\t\t\t<\/a>\n\t\t\t\t\t\t\t\t\t<\/li>\n\t\t\t\t\t\t\t\t<li class=\"elementor-icon-list-item\">\n\t\t\t\t\t\t\t\t\t\t\t<a href=\"http:\/\/agmtaxmultiservices.com\/pt\/payroll-formas-w2-formas-1099\/\">\n\n\t\t\t\t\t\t\t\t\t\t\t\t<span class=\"elementor-icon-list-icon\">\n\t\t\t\t\t\t\t<i aria-hidden=\"true\" class=\"far fa-folder-open\"><\/i>\t\t\t\t\t\t<\/span>\n\t\t\t\t\t\t\t\t\t\t<span class=\"elementor-icon-list-text\">FOLHA DE PAGAMENTO - FORMUL\u00c1RIOS W2 - FORMUL\u00c1RIOS 1099<\/span>\n\t\t\t\t\t\t\t\t\t\t\t<\/a>\n\t\t\t\t\t\t\t\t\t<\/li>\n\t\t\t\t\t\t<\/ul>\n\t\t\t\t\t\t<\/div>\n\t\t\t\t<\/div>\n\t\t\t\t<div class=\"elementor-element elementor-element-3d6e71c3 elementor-view-stacked elementor-position-left elementor-shape-circle elementor-mobile-position-top elementor-vertical-align-top elementor-widget elementor-widget-icon-box\" data-id=\"3d6e71c3\" data-element_type=\"widget\" data-widget_type=\"icon-box.default\">\n\t\t\t\t<div class=\"elementor-widget-container\">\n\t\t\t\t\t\t\t<div class=\"elementor-icon-box-wrapper\">\n\n\t\t\t\t\t\t<div class=\"elementor-icon-box-icon\">\n\t\t\t\t<span  class=\"elementor-icon\">\n\t\t\t\t<i aria-hidden=\"true\" class=\"far fa-file-pdf\"><\/i>\t\t\t\t<\/span>\n\t\t\t<\/div>\n\t\t\t\n\t\t\t\t\t\t<div class=\"elementor-icon-box-content\">\n\n\t\t\t\t\n\t\t\t\t\t\t\t\t\t<p class=\"elementor-icon-box-description\">\n\t\t\t\t\t\tBaixar .pdf\t\t\t\t\t<\/p>\n\t\t\t\t\n\t\t\t<\/div>\n\t\t\t\n\t\t<\/div>\n\t\t\t\t\t\t<\/div>\n\t\t\t\t<\/div>\n\t\t\t\t<div class=\"elementor-element elementor-element-16ca99a0 elementor-widget-divider--view-line elementor-widget elementor-widget-divider\" data-id=\"16ca99a0\" data-element_type=\"widget\" data-widget_type=\"divider.default\">\n\t\t\t\t<div class=\"elementor-widget-container\">\n\t\t\t\t\t\t\t<div class=\"elementor-divider\">\n\t\t\t<span class=\"elementor-divider-separator\">\n\t\t\t\t\t\t<\/span>\n\t\t<\/div>\n\t\t\t\t\t\t<\/div>\n\t\t\t\t<\/div>\n\t\t\t\t<div class=\"elementor-element elementor-element-c4abd78 elementor-align-justify elementor-invisible elementor-widget elementor-widget-button\" data-id=\"c4abd78\" data-element_type=\"widget\" data-settings=\"{&quot;_animation&quot;:&quot;fadeInUp&quot;}\" data-widget_type=\"button.default\">\n\t\t\t\t<div class=\"elementor-widget-container\">\n\t\t\t\t\t\t\t\t\t<div class=\"elementor-button-wrapper\">\n\t\t\t\t\t<a class=\"elementor-button elementor-button-link elementor-size-lg\" href=\"http:\/\/agmtaxmultiservices.com\/pt\/contact-us\/\">\n\t\t\t\t\t\t<span class=\"elementor-button-content-wrapper\">\n\t\t\t\t\t\t<span class=\"elementor-button-icon\">\n\t\t\t\t<i aria-hidden=\"true\" class=\"far fa-comment-dots\"><\/i>\t\t\t<\/span>\n\t\t\t\t\t\t\t\t\t<span class=\"elementor-button-text\">Fale conosco<\/span>\n\t\t\t\t\t<\/span>\n\t\t\t\t\t<\/a>\n\t\t\t\t<\/div>\n\t\t\t\t\t\t\t\t<\/div>\n\t\t\t\t<\/div>\n\t\t\t\t<div class=\"elementor-element elementor-element-6be465ba elementor-widget elementor-widget-spacer\" data-id=\"6be465ba\" data-element_type=\"widget\" data-widget_type=\"spacer.default\">\n\t\t\t\t<div class=\"elementor-widget-container\">\n\t\t\t\t\t\t\t<div class=\"elementor-spacer\">\n\t\t\t<div class=\"elementor-spacer-inner\"><\/div>\n\t\t<\/div>\n\t\t\t\t\t\t<\/div>\n\t\t\t\t<\/div>\n\t\t\t\t\t<\/div>\n\t\t<\/div>\n\t\t\t\t<div class=\"elementor-column elementor-col-66 elementor-inner-column elementor-element elementor-element-5de79427\" data-id=\"5de79427\" data-element_type=\"column\">\n\t\t\t<div class=\"elementor-widget-wrap elementor-element-populated\">\n\t\t\t\t\t\t<div class=\"elementor-element elementor-element-6c87cca7 elementor-arrows-position-inside elementor-pagination-position-outside elementor-widget elementor-widget-image-carousel\" data-id=\"6c87cca7\" data-element_type=\"widget\" data-settings=\"{&quot;slides_to_show&quot;:&quot;3&quot;,&quot;navigation&quot;:&quot;both&quot;,&quot;autoplay&quot;:&quot;yes&quot;,&quot;pause_on_hover&quot;:&quot;yes&quot;,&quot;pause_on_interaction&quot;:&quot;yes&quot;,&quot;autoplay_speed&quot;:5000,&quot;infinite&quot;:&quot;yes&quot;,&quot;speed&quot;:500}\" data-widget_type=\"image-carousel.default\">\n\t\t\t\t<div class=\"elementor-widget-container\">\n\t\t\t\t\t\t\t<div class=\"elementor-image-carousel-wrapper swiper\" role=\"region\" aria-roledescription=\"carousel\" aria-label=\"Carrossel de imagens\" dir=\"ltr\">\n\t\t\t<div class=\"elementor-image-carousel swiper-wrapper\" aria-live=\"off\">\n\t\t\t\t\t\t\t\t<div class=\"swiper-slide\" role=\"group\" aria-roledescription=\"slide\" aria-label=\"1 de 4\"><figure class=\"swiper-slide-inner\"><img decoding=\"async\" class=\"swiper-slide-image\" src=\"http:\/\/agmtaxmultiservices.com\/wp-content\/uploads\/elementor\/thumbs\/business-partnership-2022-12-16-03-39-39-utc-scaled-r1p9x08j3rbjj9mdpsn9fw2xsmyinmbgq70swgepr4.jpg\" alt=\"Business partnership pointing to the graph of the company financial statements report and profits earned during in the office.\" \/><\/figure><\/div><div class=\"swiper-slide\" role=\"group\" aria-roledescription=\"slide\" aria-label=\"2 de 4\"><figure class=\"swiper-slide-inner\"><img decoding=\"async\" class=\"swiper-slide-image\" src=\"http:\/\/agmtaxmultiservices.com\/wp-content\/uploads\/elementor\/thumbs\/businesswoman-signing-contract-and-business-partne-2021-08-26-23-03-10-utc-scaled-r1p9x08j3rbjj9mdpsn9fw2xsmyinmbgq70swgepr4.jpg\" alt=\"Businesswoman signing contract and business partnership agreement at office desk\" \/><\/figure><\/div><div class=\"swiper-slide\" role=\"group\" aria-roledescription=\"slide\" aria-label=\"3 de 4\"><figure class=\"swiper-slide-inner\"><img decoding=\"async\" class=\"swiper-slide-image\" src=\"http:\/\/agmtaxmultiservices.com\/wp-content\/uploads\/elementor\/thumbs\/conceptual-image-of-business-partnership-2021-08-28-11-37-11-utc-scaled-r1p9x08j3rbjj9mdpsn9fw2xsmyinmbgq70swgepr4.jpg\" alt=\"Hand of a businessman supporting wooden steps for his partner to walk his fingers upwards in a conceptual image of business partnership. Over blue background.\" \/><\/figure><\/div><div class=\"swiper-slide\" role=\"group\" aria-roledescription=\"slide\" aria-label=\"4 de 4\"><figure class=\"swiper-slide-inner\"><img decoding=\"async\" class=\"swiper-slide-image\" src=\"http:\/\/agmtaxmultiservices.com\/wp-content\/uploads\/elementor\/thumbs\/business-partnership-shaking-hands-for-signing-com-2022-12-16-03-35-28-utc-scaled-r1p9x08j3rbjj9mdpsn9fw2xsmyinmbgq70swgepr4.jpg\" alt=\"Business partnership shaking hands for signing company financial statements report and profits earned during years in office room.\" \/><\/figure><\/div>\t\t\t<\/div>\n\t\t\t\t\t\t\t\t\t\t\t\t<div class=\"elementor-swiper-button elementor-swiper-button-prev\" role=\"button\" tabindex=\"0\">\n\t\t\t\t\t\t<i aria-hidden=\"true\" class=\"eicon-chevron-left\"><\/i>\t\t\t\t\t<\/div>\n\t\t\t\t\t<div class=\"elementor-swiper-button elementor-swiper-button-next\" role=\"button\" tabindex=\"0\">\n\t\t\t\t\t\t<i aria-hidden=\"true\" class=\"eicon-chevron-right\"><\/i>\t\t\t\t\t<\/div>\n\t\t\t\t\n\t\t\t\t\t\t\t\t\t<div class=\"swiper-pagination\"><\/div>\n\t\t\t\t\t\t\t\t\t<\/div>\n\t\t\t\t\t\t<\/div>\n\t\t\t\t<\/div>\n\t\t\t\t<div class=\"elementor-element elementor-element-5ed5e3d5 elementor-widget elementor-widget-heading\" data-id=\"5ed5e3d5\" data-element_type=\"widget\" data-widget_type=\"heading.default\">\n\t\t\t\t<div class=\"elementor-widget-container\">\n\t\t\t\t\t<h2 class=\"elementor-heading-title elementor-size-default\">Cria\u00e7\u00e3o de empresas - LLC, parceria, corpora\u00e7\u00e3o.<\/h2>\t\t\t\t<\/div>\n\t\t\t\t<\/div>\n\t\t\t\t<div class=\"elementor-element elementor-element-1b0484da elementor-widget-divider--view-line elementor-widget elementor-widget-divider\" data-id=\"1b0484da\" data-element_type=\"widget\" data-widget_type=\"divider.default\">\n\t\t\t\t<div class=\"elementor-widget-container\">\n\t\t\t\t\t\t\t<div class=\"elementor-divider\">\n\t\t\t<span class=\"elementor-divider-separator\">\n\t\t\t\t\t\t<\/span>\n\t\t<\/div>\n\t\t\t\t\t\t<\/div>\n\t\t\t\t<\/div>\n\t\t\t\t<div class=\"elementor-element elementor-element-6df09fb2 elementor-widget elementor-widget-text-editor\" data-id=\"6df09fb2\" data-element_type=\"widget\" data-widget_type=\"text-editor.default\">\n\t\t\t\t<div class=\"elementor-widget-container\">\n\t\t\t\t\t\t\t\t\t<p>Nosso servi\u00e7o de forma\u00e7\u00e3o de empresas foi projetado para ajudar empreendedores e propriet\u00e1rios de empresas a estabelecer uma estrutura comercial s\u00f3lida e adequada \u00e0s suas necessidades. Se voc\u00ea deseja formar uma LLC (Limited Liability Company), uma parceria ou uma corpora\u00e7\u00e3o, nossa equipe de especialistas em forma\u00e7\u00e3o de empresas o orientar\u00e1 durante todo o processo de abertura do seu novo neg\u00f3cio.<\/p><p>Nossos servi\u00e7os incluem:<\/p><ol><li><p><strong>Assessoria na escolha da estrutura da empresa:<\/strong> Analisamos as caracter\u00edsticas e os objetivos de sua empresa e fornecemos orienta\u00e7\u00e3o personalizada sobre a melhor estrutura de neg\u00f3cios para voc\u00ea. Avaliamos as vantagens e desvantagens da forma\u00e7\u00e3o de uma LLC, parceria ou corpora\u00e7\u00e3o, levando em conta fatores como responsabilidade legal, estrutura de propriedade e implica\u00e7\u00f5es fiscais.<\/p><\/li><li><p><strong>Prepara\u00e7\u00e3o de documentos legais:<\/strong> Cuidamos da prepara\u00e7\u00e3o de todos os documentos legais necess\u00e1rios para a forma\u00e7\u00e3o de sua empresa. Isso inclui a elabora\u00e7\u00e3o e o arquivamento de artigos de forma\u00e7\u00e3o, contratos de parceria, certificados de incorpora\u00e7\u00e3o e quaisquer outros documentos exigidos pelas leis e regulamenta\u00e7\u00f5es estaduais.<\/p><\/li><li><p><strong>Registro e apresenta\u00e7\u00e3o \u00e0s autoridades:<\/strong> Cuidamos de todas as formalidades administrativas e de registro necess\u00e1rias para estabelecer legalmente a sua empresa. Isso inclui o arquivamento da documenta\u00e7\u00e3o junto aos \u00f3rg\u00e3os governamentais relevantes, como a Secretaria de Estado, para obter reconhecimento legal e autoridade para operar.<\/p><\/li><li><p><strong>Consultoria sobre estrutura de propriedade e governan\u00e7a corporativa:<\/strong> Prestamos consultoria sobre a estrutura de propriedade e a governan\u00e7a corporativa de sua empresa. Ajudamos a estabelecer acordos de parceria, acordos de acionistas e outras pol\u00edticas e procedimentos necess\u00e1rios para regular as rela\u00e7\u00f5es entre s\u00f3cios ou acionistas e estabelecer um sistema eficaz de tomada de decis\u00f5es.<\/p><\/li><li><p><strong>Consultoria tribut\u00e1ria e cont\u00e1bil:<\/strong> Trabalhamos em estreita colabora\u00e7\u00e3o com especialistas em impostos e contabilidade para oferecer consultoria sobre as implica\u00e7\u00f5es fiscais e cont\u00e1beis da estrutura de neg\u00f3cios escolhida. Ajudamos voc\u00ea a entender e cumprir as obriga\u00e7\u00f5es fiscais e cont\u00e1beis e a planejar estrategicamente para maximizar os lucros e reduzir os encargos fiscais.<\/p><\/li><\/ol>\t\t\t\t\t\t\t\t<\/div>\n\t\t\t\t<\/div>\n\t\t\t\t\t<\/div>\n\t\t<\/div>\n\t\t\t\t\t<\/div>\n\t\t<\/section>\n\t\t\t\t\t<\/div>\n\t\t<\/div>\n\t\t\t\t\t<\/div>\n\t\t<\/section>\n\t\t\t\t<\/div>","protected":false},"excerpt":{"rendered":"<p>Save time for Declaraci\u00f3n de impuestos Tramitamos y Renovamos Auditorias de Workers Comp Te ayudamos a contestar Auditorias del IRS PAYROLL &#8211; FORMAS W2-FORMAS 1099 Download .pdf Habla con nosotros Anterior Siguiente Creaci\u00f3n de Compa\u00f1\u00edas- LLC-Partnership-Corporation. Nuestro servicio de Creaci\u00f3n de Compa\u00f1\u00edas est\u00e1 dise\u00f1ado para ayudar a los emprendedores y empresarios a establecer una estructura [&hellip;]<\/p>","protected":false},"author":1,"featured_media":0,"parent":0,"menu_order":0,"comment_status":"closed","ping_status":"closed","template":"","meta":{"site-sidebar-layout":"no-sidebar","site-content-layout":"page-builder","ast-site-content-layout":"","site-content-style":"default","site-sidebar-style":"default","ast-global-header-display":"","ast-banner-title-visibility":"","ast-main-header-display":"","ast-hfb-above-header-display":"","ast-hfb-below-header-display":"","ast-hfb-mobile-header-display":"","site-post-title":"disabled","ast-breadcrumbs-content":"","ast-featured-img":"disabled","footer-sml-layout":"","theme-transparent-header-meta":"enabled","adv-header-id-meta":"","stick-header-meta":"","header-above-stick-meta":null,"header-main-stick-meta":"","header-below-stick-meta":null,"astra-migrate-meta-layouts":"default","ast-page-background-enabled":"default","ast-page-background-meta":{"desktop":{"background-color":"","background-image":"","background-repeat":"repeat","background-position":"center center","background-size":"auto","background-attachment":"scroll","background-type":"","background-media":"","overlay-type":"","overlay-color":"","overlay-opacity":"","overlay-gradient":""},"tablet":{"background-color":"","background-image":"","background-repeat":"repeat","background-position":"center center","background-size":"auto","background-attachment":"scroll","background-type":"","background-media":"","overlay-type":"","overlay-color":"","overlay-opacity":"","overlay-gradient":""},"mobile":{"background-color":"","background-image":"","background-repeat":"repeat","background-position":"center center","background-size":"auto","background-attachment":"scroll","background-type":"","background-media":"","overlay-type":"","overlay-color":"","overlay-opacity":"","overlay-gradient":""}},"ast-content-background-meta":{"desktop":{"background-color":"var(--ast-global-color-5)","background-image":"","background-repeat":"repeat","background-position":"center center","background-size":"auto","background-attachment":"scroll","background-type":"","background-media":"","overlay-type":"","overlay-color":"","overlay-opacity":"","overlay-gradient":""},"tablet":{"background-color":"var(--ast-global-color-5)","background-image":"","background-repeat":"repeat","background-position":"center center","background-size":"auto","background-attachment":"scroll","background-type":"","background-media":"","overlay-type":"","overlay-color":"","overlay-opacity":"","overlay-gradient":""},"mobile":{"background-color":"var(--ast-global-color-5)","background-image":"","background-repeat":"repeat","background-position":"center center","background-size":"auto","background-attachment":"scroll","background-type":"","background-media":"","overlay-type":"","overlay-color":"","overlay-opacity":"","overlay-gradient":""}},"footnotes":""},"class_list":["post-6094","page","type-page","status-publish","hentry"],"_links":{"self":[{"href":"http:\/\/agmtaxmultiservices.com\/pt\/wp-json\/wp\/v2\/pages\/6094","targetHints":{"allow":["GET"]}}],"collection":[{"href":"http:\/\/agmtaxmultiservices.com\/pt\/wp-json\/wp\/v2\/pages"}],"about":[{"href":"http:\/\/agmtaxmultiservices.com\/pt\/wp-json\/wp\/v2\/types\/page"}],"author":[{"embeddable":true,"href":"http:\/\/agmtaxmultiservices.com\/pt\/wp-json\/wp\/v2\/users\/1"}],"replies":[{"embeddable":true,"href":"http:\/\/agmtaxmultiservices.com\/pt\/wp-json\/wp\/v2\/comments?post=6094"}],"version-history":[{"count":91,"href":"http:\/\/agmtaxmultiservices.com\/pt\/wp-json\/wp\/v2\/pages\/6094\/revisions"}],"predecessor-version":[{"id":8862,"href":"http:\/\/agmtaxmultiservices.com\/pt\/wp-json\/wp\/v2\/pages\/6094\/revisions\/8862"}],"wp:attachment":[{"href":"http:\/\/agmtaxmultiservices.com\/pt\/wp-json\/wp\/v2\/media?parent=6094"}],"curies":[{"name":"wp","href":"https:\/\/api.w.org\/{rel}","templated":true}]}}